{"id":34,"date":"2014-08-02T15:31:05","date_gmt":"2014-08-02T15:31:05","guid":{"rendered":"https:\/\/www.can4every1.com\/?page_id=34"},"modified":"2026-03-17T17:08:45","modified_gmt":"2026-03-17T16:08:45","slug":"lessons","status":"publish","type":"page","link":"https:\/\/www.can4every1.com\/?page_id=34","title":{"rendered":"Lessons"},"content":{"rendered":"<script>\/\/ <![CDATA[ (function(i,s,o,g,r,a,m){i['GoogleAnalyticsObject']=r;i[r]=i[r]||function(){ (i[r].q=i[r].q||[]).push(arguments)},i[r].l=1*new Date();a=s.createElement(o), m=s.getElementsByTagName(o)[0];a.async=1;a.src=g;m.parentNode.insertBefore(a,m) })(window,document,'script','\/\/www.google-analytics.com\/analytics.js','ga'); ga('create', 'UA-55428758-1', 'auto'); ga('send', 'pageview'); \/\/ ]]><\/script>\r\n\r\n<span style=\"font-weight: 400;\">What I offer is simple: <em><strong>quality<\/strong><\/em>, <em><strong>engaging<\/strong><\/em> and <em><strong>fun <\/strong><\/em>lessons that guide you to\u00a0 master Cantonese Chinese. You can choose from <\/span><span style=\"color: #0000ff;\"><em>One-to-One<\/em><\/span><span style=\"font-weight: 400;\"> and\/or <\/span><span style=\"color: #ff6600;\"><em>Group<\/em><\/span><span style=\"font-weight: 400;\"><span style=\"color: #ff6600;\"> classes<\/span>.\u00a0 You can also choose from a variety of study modes: <\/span><strong><span style=\"color: #000000;\"><em>In-person<\/em><\/span><\/strong><span style=\"font-weight: 400;\"> or <\/span><strong><span style=\"color: #000000;\"><em>Online<\/em><\/span><\/strong><span style=\"font-weight: 400;\"> or <strong>a <\/strong><\/span><strong><span style=\"color: #000000;\"><em>Mix of both<\/em><\/span><\/strong><span style=\"font-weight: 400;\">.<\/span>\r\n\r\n&nbsp;\r\n\r\n<a href=\"https:\/\/www.can4every1.com\/wp-content\/uploads\/2021\/03\/lessongraph-e1617220961754.jpg\"><img loading=\"lazy\" decoding=\"async\" class=\"wp-image-469 aligncenter\" src=\"https:\/\/www.can4every1.com\/wp-content\/uploads\/2021\/03\/lessongraph-e1617220961754-300x168.jpg\" alt=\"\" width=\"548\" height=\"307\" srcset=\"https:\/\/www.can4every1.com\/wp-content\/uploads\/2021\/03\/lessongraph-e1617220961754-300x168.jpg 300w, https:\/\/www.can4every1.com\/wp-content\/uploads\/2021\/03\/lessongraph-e1617220961754-1024x573.jpg 1024w, https:\/\/www.can4every1.com\/wp-content\/uploads\/2021\/03\/lessongraph-e1617220961754-768x430.jpg 768w, https:\/\/www.can4every1.com\/wp-content\/uploads\/2021\/03\/lessongraph-e1617220961754-1536x860.jpg 1536w, https:\/\/www.can4every1.com\/wp-content\/uploads\/2021\/03\/lessongraph-e1617220961754.jpg 2048w\" sizes=\"auto, (max-width: 548px) 100vw, 548px\" \/><\/a>\r\n\r\n&nbsp;\r\n\r\n<span style=\"font-weight: 400;\">Although the majority of my students reside in <\/span>London and Home Counties<span style=\"font-weight: 400;\">\u00a0in the UK, in-person catch-up lessons outside of London can be arranged with students residing in other parts of the <strong>UK<\/strong>\u00a0<\/span><span style=\"font-weight: 400;\">and <\/span><b>continental Europe, <\/b>such as <b>Sweden<span style=\"font-weight: 400;\">, <\/span>Norway<\/b> and<b> Germany<\/b><span style=\"font-weight: 400;\">.<\/span>\r\n\r\nStudents from the <strong>USA<\/strong> and <strong>rest of the world<\/strong> are also warmly welcome!\r\n\r\n&nbsp;\r\n\r\n<hr \/>\r\n\r\n<h1><span style=\"color: #0000ff;\"><b>One-to-One Lessons (In-person <\/b><span style=\"font-weight: 400;\">or<\/span><b> Online <\/b><span style=\"font-weight: 400;\">or<\/span><b> Mixed) &#8211; Spring 2026 Special Discounted rate shown below<\/b><\/span><\/h1>\r\n&nbsp;\r\n<ul>\r\n \t<li aria-level=\"1\">\r\n<h2><b>Adult Lessons<\/b><\/h2>\r\n<\/li>\r\n<\/ul>\r\n<h3><b>Standard Lesson (from 50 minutes) &#8211; from \u00a338.50 <\/b><span style=\"font-weight: 400;\">(roughly \u00a31 = NOR 10 \/ SEK10; <\/span><span style=\"font-weight: 400;\">\u20ac1)<\/span><\/h3>\r\n<ul>\r\n \t<li><span style=\"font-weight: 400;\">Study mode: Face-to-face, online or a mix of both<\/span><\/li>\r\n \t<li><span style=\"font-weight: 400;\">Spoken Cantonese and\/or Reading &amp; Writing Chinese programmes using <\/span><i>Ken\u2019s System Syllabus<\/i><\/li>\r\n \t<li><span style=\"font-weight: 400;\">If you choose to have Face-to-face lessons, they can be held at a venue of your choice (depending on the venue(s), travel expenses may apply) or at the British Library (NW1 2DB) (no additional charge for travel)\u00a0<\/span><\/li>\r\n \t<li><span style=\"font-weight: 400;\">Textbooks and learning materials are included in the charge. Postage will be charged if these are posted.<\/span><\/li>\r\n<\/ul>\r\n<h3><b>Mini Lesson (from 25 to 49 minutes) &#8211; from \u00a320.75<\/b> <span style=\"font-weight: 400;\">(roughly \u00a31 = <\/span><span style=\"font-weight: 400;\">NOR 10 \/ SEK10; <\/span><span style=\"font-weight: 400;\">\u20ac1<\/span><span style=\"font-weight: 400;\">)<\/span><\/h3>\r\n<ul>\r\n \t<li><span style=\"font-weight: 400;\">Same as the above<\/span><\/li>\r\n<\/ul>\r\n&nbsp;\r\n<ul>\r\n \t<li aria-level=\"1\">\r\n<h2><b>Children (3+ years of age) and Adolescent Lessons<\/b><\/h2>\r\n<\/li>\r\n<\/ul>\r\n<span style=\"font-weight: 400;\">Special rate applies to children\u2019s one-to-one lessons. For enquiries, please <\/span><a href=\"https:\/\/www.can4every1.com\/?page_id=18\"><span style=\"font-weight: 400;\">email<\/span><\/a><span style=\"font-weight: 400;\"> me: <\/span><a href=\"mailto:Gwongdungwa@gmail.com\"><span style=\"font-weight: 400;\">Gwongdungwa@gmail.com<\/span><\/a>\r\n\r\n&nbsp;\r\n\r\n<hr \/>\r\n\r\n<h1><span style=\"color: #ff6600;\"><b>Group Lessons (In-person <\/b><span style=\"font-weight: 400;\">or<\/span><b> Online <\/b><span style=\"font-weight: 400;\">or<\/span><b> Mixed)<\/b><\/span><\/h1>\r\n&nbsp;\r\n<ul>\r\n \t<li aria-level=\"1\">\r\n<h2><b>Adults<\/b><\/h2>\r\n<\/li>\r\n<\/ul>\r\n<h4><b>Group A \u2013 Upper Intermediate\/Intermediate (Clapton Common, E5)<\/b><\/h4>\r\n<span style=\"font-weight: 400;\">\u00a0\u00a0\u00a0\u00a0\u00bb Every Thursday 19:00 \u2013 19:45<\/span>\r\n\r\n<span style=\"font-weight: 400;\">\u00a0\u00a0\u00a0\u00a0\u00bb Spoken Cantonese and Reading &amp; Writing Chinese programmes using <\/span><i>Ken\u2019s System Syllabus<\/i>\r\n\r\n<span style=\"font-weight: 400;\">\u00a0\u00a0\u00a0\u00a0\u00bb Maximum class size: 6<\/span>\r\n\r\n<span style=\"font-weight: 400;\">\u00a0\u00a0\u00a0\u00a0\u00bb Textbooks and learning materials are included in the charge<\/span>\r\n\r\n<span style=\"font-weight: 400;\">\u00a0 \u00bb Email to enquire (gwongdungwa@gmail.com)<\/span>\r\n<h4><b>Group B \u2013 Beginners\u2019 \/ Intermediate (Clapton Common, E5)<\/b><\/h4>\r\n<span style=\"font-weight: 400;\">\u00a0\u00a0\u00a0\u00a0\u00bb Every Thursday 19:50 \u2013 20:30<\/span>\r\n\r\n<span style=\"font-weight: 400;\">\u00a0<\/span> <span style=\"font-weight: 400;\">\u00a0 \u00a0 \u00bb Spoken Cantonese programmes using <\/span><i>Ken\u2019s System Syllabus<\/i>\r\n\r\n<span style=\"font-weight: 400;\">\u00a0\u00a0\u00a0\u00a0\u00bb Maximum class size: 6<\/span>\r\n\r\n<span style=\"font-weight: 400;\">\u00a0\u00a0\u00a0\u00a0\u00bb Textbooks and learning materials are included in the charge<\/span>\r\n\r\n<span style=\"font-weight: 400;\">\u00a0 \u00a0 \u00a0 \u00a0 \u00a0 \u00a0 \u00bb Email to enquire (gwongdungwa@gmail.com)<\/span>\r\n<h4><b>Group BL1 \u2013 Complete Beginners (The British Library NW1 2DB)\u00a0<\/b><\/h4>\r\n<span style=\"font-weight: 400;\">\u00a0<\/span> <span style=\"font-weight: 400;\">\u00a0 \u00a0 \u00bb Mondays 18:00 &#8211; 18:45<\/span>\r\n\r\n<span style=\"font-weight: 400;\">\u00a0\u00a0\u00a0\u00a0\u00bb Spoken Cantonese programmes using <\/span><em>Ken\u2019s System Syllabus<\/em>\r\n\r\n<span style=\"font-weight: 400;\">\u00a0\u00a0\u00a0\u00a0\u00bb Maximum class size: 3<\/span>\r\n\r\n<span style=\"font-weight: 400;\">\u00a0\u00a0\u00a0\u00a0\u00bb Textbooks and learning materials are included in the charge<\/span>\r\n\r\n<span style=\"font-weight: 400;\">\u00a0 \u00a0 \u00bb Email to enquire (gwongdungwa@gmail.com)<\/span>\r\n<h4><b>Form your own group if you like..<\/b><b>.<\/b><\/h4>\r\n<span style=\"font-weight: 400;\">\u00a0 \u00a0 \u00bb \u00a320.75 per person per lesson<\/span>\r\n\r\n<span style=\"font-weight: 400;\">\u00a0 \u00a0 \u00bb for 2 students (duration per lesson: 35 minutes); Or<\/span>\r\n\r\n<span style=\"font-weight: 400;\">\u00a0 \u00a0 \u00bb for 3 students (duration per lesson: 45 minutes)<\/span>\r\n\r\n<span style=\"font-weight: 400;\">For enquiries, please <\/span><a href=\"https:\/\/www.can4every1.com\/?page_id=18\"><span style=\"font-weight: 400;\">email<\/span><\/a><span style=\"font-weight: 400;\"> me: <\/span><a href=\"mailto:Gwongdungwa@gmail.com\"><span style=\"font-weight: 400;\">Gwongdungwa@gmail.com<\/span><\/a>\r\n\r\n&nbsp;\r\n<ul>\r\n \t<li aria-level=\"1\">\r\n<h2><b>Children\u00a0<\/b><\/h2>\r\n<\/li>\r\n<\/ul>\r\n<h4><b>Peckham Rye<\/b><\/h4>\r\n<span style=\"font-weight: 400;\">\u00a0\u00a0\u00a0\u00a0\u2013 Fridays 4:15pm<\/span>\r\n\r\n<span style=\"font-weight: 400;\">\u00a0\u00a0\u00a0\u00a0\u2013 spoken Cantonese<\/span>\r\n\r\n<span style=\"font-weight: 400;\">\u00a0\u00a0\u00a0\u00a0\u2013 6+ years old<\/span>\r\n\r\n&nbsp;\r\n<h4><b>Form your own group if you like..<\/b><b>.<\/b><\/h4>\r\n<span style=\"font-weight: 400;\">Special pricing applies to children\u2019s group lessons. For enquiries, please <\/span><a href=\"https:\/\/www.can4every1.com\/?page_id=18\"><span style=\"font-weight: 400;\">email<\/span><\/a><span style=\"font-weight: 400;\"> me: <\/span><a href=\"mailto:Gwongdungwa@gmail.com\"><span style=\"font-weight: 400;\">Gwongdungwa@gmail.com<\/span><\/a>\r\n\r\n&nbsp;\r\n\r\n<i><span style=\"font-weight: 400;\">* DBS certificate available on request.<\/span><\/i>\r\n\r\n<hr \/>\r\n\r\n<span style=\"color: #0000ff;\"><b>&#x1f1f8;&#x1f1ea; Online-1-till-1-kantonesiska<\/b> <b>kinesiska spr\u00e5klektioner i<\/b> <b>Sverige, Norge, Skandinavien och resten av v\u00e4rlden<\/b><\/span>\r\n\r\n<b>L\u00e4r dig prata kantonesiska i Sverige och Norge.<\/b>\r\n\r\n<span style=\"font-weight: 400;\">\u00bb Pluggar kantonesiska p\u00e5 n\u00e4tet i Sverige och Norge! Talar p\u00e5 kantonesiska! Talar inte engelska p\u00e5 lektionen!<\/span>\r\n\r\n<hr \/>\r\n\r\n<span style=\"font-weight: 400;\">Discounts available for NHS worker \/ Blue Light card holders.<\/span>\r\n\r\n<!-- \/wp:post-content -->","protected":false},"excerpt":{"rendered":"<p>What I offer is simple: quality, engaging and fun lessons that guide you to\u00a0 master Cantonese Chinese. You can choose from One-to-One and\/or Group classes.\u00a0 You can also choose from a variety of study modes: In-person or Online or a Mix of both. &nbsp; &nbsp; Although the majority of my students reside in London and &hellip; <\/p>\n<p class=\"link-more\"><a href=\"https:\/\/www.can4every1.com\/?page_id=34\" class=\"more-link\">Continue reading<span class=\"screen-reader-text\"> &#8220;Lessons&#8221;<\/span><\/a><\/p>\n","protected":false},"author":1,"featured_media":0,"parent":0,"menu_order":0,"comment_status":"open","ping_status":"open","template":"","meta":{"footnotes":""},"class_list":["post-34","page","type-page","status-publish","hentry"],"_links":{"self":[{"href":"https:\/\/www.can4every1.com\/index.php?rest_route=\/wp\/v2\/pages\/34","targetHints":{"allow":["GET"]}}],"collection":[{"href":"https:\/\/www.can4every1.com\/index.php?rest_route=\/wp\/v2\/pages"}],"about":[{"href":"https:\/\/www.can4every1.com\/index.php?rest_route=\/wp\/v2\/types\/page"}],"author":[{"embeddable":true,"href":"https:\/\/www.can4every1.com\/index.php?rest_route=\/wp\/v2\/users\/1"}],"replies":[{"embeddable":true,"href":"https:\/\/www.can4every1.com\/index.php?rest_route=%2Fwp%2Fv2%2Fcomments&post=34"}],"version-history":[{"count":10,"href":"https:\/\/www.can4every1.com\/index.php?rest_route=\/wp\/v2\/pages\/34\/revisions"}],"predecessor-version":[{"id":593,"href":"https:\/\/www.can4every1.com\/index.php?rest_route=\/wp\/v2\/pages\/34\/revisions\/593"}],"wp:attachment":[{"href":"https:\/\/www.can4every1.com\/index.php?rest_route=%2Fwp%2Fv2%2Fmedia&parent=34"}],"curies":[{"name":"wp","href":"https:\/\/api.w.org\/{rel}","templated":true}]}}